{"id":2782,"date":"2025-05-19T13:59:07","date_gmt":"2025-05-19T13:59:07","guid":{"rendered":"https:\/\/saas.ma\/projets\/"},"modified":"2025-09-10T21:00:37","modified_gmt":"2025-09-10T21:00:37","slug":"projets","status":"publish","type":"page","link":"https:\/\/areprrsk.ma\/ar\/projets\/","title":{"rendered":"\u0627\u0644\u0645\u0634\u0627\u0631\u064a\u0639"},"content":{"rendered":"\t\t<div data-elementor-type=\"wp-page\" data-elementor-id=\"2782\" class=\"elementor elementor-2782 elementor-2010\">\n\t\t\t\t<div class=\"elementor-element elementor-element-11a91d3 e-flex e-con-boxed e-con e-parent\" data-id=\"11a91d3\" data-element_type=\"container\">\n\t\t\t\t\t<div class=\"e-con-inner\">\n\t\t\t\t<div class=\"elementor-element elementor-element-3eb9561 elementor-widget elementor-widget-cz_posts\" data-id=\"3eb9561\" data-element_type=\"widget\" data-widget_type=\"cz_posts.default\">\n\t\t\t\t<div class=\"elementor-widget-container\">\n\t\t\t\t\t<div class=\"cz_grid_p\"><ul class=\"cz_grid_filters clr \"><\/ul><div class=\"cz_grid cz_grid_1 clr cz_grid_c4 cz_grid_1_no_icon cz_grid_1_mid tac cz_grid_fib cz_grid_overlay_10px cz_grid_tilt cz_grid_two_columns_on_mobile cz_meta_all_center\" data-atts='{\"action\":\"cz_ajax_elementor_posts\",\"post_class\":\"cz_grid_item\",\"post__in\":null,\"author__in\":null,\"nonce\":\"3951649c05\",\"nonce_id\":\"posts\",\"loadmore_end\":\"Pas de projets trouv\\u00e9s\",\"layout\":\"cz_grid_c4\",\"hover\":\"cz_grid_1_no_icon\",\"subtitles\":[{\"_id\":\"3c21874\",\"t\":\"cats\",\"r\":\"\",\"i\":{\"value\":\"\",\"library\":\"\"},\"p\":\"\",\"ct\":null,\"cm\":null,\"tc\":null}],\"subtitle_pos\":\"\",\"icon\":{\"value\":\"fa fa-search\",\"library\":\"fa-solid\"},\"el\":\"\",\"title_lenght\":\"\",\"cat_tax\":\"portfolio_cat\",\"cat\":[],\"cat_exclude\":[],\"tag_tax\":\"portfolio_tags\",\"tag_id\":\"\",\"tag_exclude\":\"\",\"post_type\":\"portfolio\",\"posts_per_page\":\"8\",\"order\":\"DESC\",\"orderby\":\"date\",\"tilt_data\":\" data-tilt data-tilt-maxGlare=\\\"\\\" data-tilt-glare=\\\"true\\\" data-tilt-scale=\\\"\\\"\",\"img_fx\":\"cz_grid_zoom_in\",\"custom_size\":\"\",\"excerpt_rm\":\"yes\",\"s\":\"\"}'><div class=\"cz_grid_item cz_grid_first\"><\/div><div data-id=\"3328\" class=\"cz_grid_item  cz_posts_list_odd 3328 post-3328 portfolio type-portfolio status-publish format-standard has-post-thumbnail hentry portfolio_tags-145\"><div class=\"clr\"><a class=\"cz_grid_link cz_grid_zoom_in\" href=\"https:\/\/areprrsk.ma\/ar\/projects\/programme-regional-de-creation-des-ecoles-communautaires-en-milieu-rural\/\" title=\"\u0627\u0644\u0628\u0631\u0646\u0627\u0645\u062c \u0627\u0644\u062c\u0647\u0648\u064a \u0644\u0625\u062d\u062f\u0627\u062b \u0627\u0644\u0645\u062f\u0627\u0631\u0633 \u0627\u0644\u062c\u0645\u0627\u0639\u0627\u062a\u064a\u0629 \u0628\u0627\u0644\u0648\u0633\u0637 \u0627\u0644\u0642\u0631\u0648\u064a\" data-tilt data-tilt-maxGlare=\"\" data-tilt-glare=\"true\" data-tilt-scale=\"\"><img decoding=\"async\" src=\"data:image\/svg+xml,%3Csvg%20xmlns%3D&#39;http%3A%2F%2Fwww.w3.org%2F2000%2Fsvg&#39;%20width=&#39;_w_&#39;%20height=&#39;_h_&#39;%20viewBox%3D&#39;0%200%20_w_%20_h_&#39;%2F%3E\" data-czlz data-src=\"https:\/\/areprrsk.ma\/wp-content\/uploads\/elementor\/thumbs\/1-r7e4tazcfqlt0s9mcot39t3drkj7zdjgc535khjttk.jpeg\" title=\"1\" alt=\"1\" loading=\"lazy\" \/><div class=\"cz_grid_details\"><i class=\"fa fa-search cz_grid_icon\"><\/i><h3>\u0627\u0644\u0628\u0631\u0646\u0627\u0645\u062c \u0627\u0644\u062c\u0647\u0648\u064a \u0644\u0625\u062d\u062f\u0627\u062b \u0627\u0644\u0645\u062f\u0627\u0631\u0633 \u0627\u0644\u062c\u0645\u0627\u0639\u0627\u062a\u064a\u0629 \u0628\u0627\u0644\u0648\u0633\u0637 \u0627\u0644\u0642\u0631\u0648\u064a<\/h3><\/div><\/a><\/div><\/div><div data-id=\"3318\" class=\"cz_grid_item  cz_posts_list_even 3318 post-3318 portfolio type-portfolio status-publish format-standard has-post-thumbnail hentry portfolio_tags-145\"><div class=\"clr\"><a class=\"cz_grid_link cz_grid_zoom_in\" href=\"https:\/\/areprrsk.ma\/ar\/projects\/programme-de-reduction-des-disparites-territoriales-et-sociales-prdts\/\" title=\"\u0628\u0631\u0646\u0627\u0645\u062c \u062a\u0642\u0644\u064a\u0635 \u0627\u0644\u0641\u0648\u0627\u0631\u0642 \u0627\u0644\u0645\u062c\u0627\u0644\u064a\u0629 \u0648\u0627\u0644\u0627\u062c\u062a\u0645\u0627\u0639\u064a\u0629\" data-tilt data-tilt-maxGlare=\"\" data-tilt-glare=\"true\" data-tilt-scale=\"\"><img decoding=\"async\" src=\"data:image\/svg+xml,%3Csvg%20xmlns%3D&#39;http%3A%2F%2Fwww.w3.org%2F2000%2Fsvg&#39;%20width=&#39;_w_&#39;%20height=&#39;_h_&#39;%20viewBox%3D&#39;0%200%20_w_%20_h_&#39;%2F%3E\" data-czlz data-src=\"https:\/\/areprrsk.ma\/wp-content\/uploads\/elementor\/thumbs\/7-1-r7e5oclg5r3qh5682lwi4h2g2pin7hsaxsrh6hiqbc.jpeg\" title=\"7\" alt=\"7\" loading=\"lazy\" \/><div class=\"cz_grid_details\"><i class=\"fa fa-search cz_grid_icon\"><\/i><h3>\u0628\u0631\u0646\u0627\u0645\u062c \u062a\u0642\u0644\u064a\u0635 \u0627\u0644\u0641\u0648\u0627\u0631\u0642 \u0627\u0644\u0645\u062c\u0627\u0644\u064a\u0629 \u0648\u0627\u0644\u0627\u062c\u062a\u0645\u0627\u0639\u064a\u0629<\/h3><\/div><\/a><\/div><\/div><div data-id=\"3313\" class=\"cz_grid_item  cz_posts_list_odd 3313 post-3313 portfolio type-portfolio status-publish format-standard has-post-thumbnail hentry portfolio_tags-145\"><div class=\"clr\"><a class=\"cz_grid_link cz_grid_zoom_in\" href=\"https:\/\/areprrsk.ma\/ar\/projects\/creation-des-espaces-de-memoire-historique-de-la-resistance-et-de-la-liberation-a-khemisset\/\" title=\"\u0625\u062d\u062f\u0627\u062b \u0641\u0636\u0627\u0621\u0627\u062a \u0627\u0644\u0630\u0627\u0643\u0631\u0629 \u0627\u0644\u062a\u0627\u0631\u064a\u062e\u064a\u0629 \u0644\u0644\u0645\u0642\u0627\u0648\u0645\u0629 \u0648\u0627\u0644\u062a\u062d\u0631\u064a\u0631 \u0628\u0627\u0644\u062e\u0645\u064a\u0633\u0627\u062a\" data-tilt data-tilt-maxGlare=\"\" data-tilt-glare=\"true\" data-tilt-scale=\"\"><img decoding=\"async\" src=\"data:image\/svg+xml,%3Csvg%20xmlns%3D&#39;http%3A%2F%2Fwww.w3.org%2F2000%2Fsvg&#39;%20width=&#39;_w_&#39;%20height=&#39;_h_&#39;%20viewBox%3D&#39;0%200%20_w_%20_h_&#39;%2F%3E\" data-czlz data-src=\"https:\/\/areprrsk.ma\/wp-content\/uploads\/elementor\/thumbs\/image_arep_ptojet60-1-r7joeccnu4dpz9ljrylwc6sqige940n5us037a81bs.png\" title=\"image_arep_ptojet60.png\" alt=\"image_arep_ptojet60.png\" loading=\"lazy\" \/><div class=\"cz_grid_details\"><i class=\"fa fa-search cz_grid_icon\"><\/i><h3>\u0625\u062d\u062f\u0627\u062b \u0641\u0636\u0627\u0621\u0627\u062a \u0627\u0644\u0630\u0627\u0643\u0631\u0629 \u0627\u0644\u062a\u0627\u0631\u064a\u062e\u064a\u0629 \u0644\u0644\u0645\u0642\u0627\u0648\u0645\u0629 \u0648\u0627\u0644\u062a\u062d\u0631\u064a\u0631 \u0628\u0627\u0644\u062e\u0645\u064a\u0633\u0627\u062a<\/h3><\/div><\/a><\/div><\/div><div data-id=\"3298\" class=\"cz_grid_item  cz_posts_list_even 3298 post-3298 portfolio type-portfolio status-publish format-standard has-post-thumbnail hentry portfolio_tags-145\"><div class=\"clr\"><a class=\"cz_grid_link cz_grid_zoom_in\" href=\"https:\/\/areprrsk.ma\/ar\/projects\/projet-de-rehabilitation-de-centres-de-sante-dans-la-region-rabat-sale-kenitra\/\" title=\"\u0645\u0634\u0631\u0648\u0639 \u0625\u0639\u0627\u062f\u0629 \u062a\u0623\u0647\u064a\u0644 \u0627\u0644\u0645\u0631\u0643\u0632 \u0627\u0644\u0635\u062d\u064a \u0628\u062c\u0647\u0629 \u0627\u0644\u0631\u0628\u0627\u0637 \u0633\u0644\u0627 \u0627\u0644\u0642\u0646\u064a\u0637\u0631\u0629\" data-tilt data-tilt-maxGlare=\"\" data-tilt-glare=\"true\" data-tilt-scale=\"\"><img decoding=\"async\" src=\"data:image\/svg+xml,%3Csvg%20xmlns%3D&#39;http%3A%2F%2Fwww.w3.org%2F2000%2Fsvg&#39;%20width=&#39;_w_&#39;%20height=&#39;_h_&#39;%20viewBox%3D&#39;0%200%20_w_%20_h_&#39;%2F%3E\" data-czlz data-src=\"https:\/\/areprrsk.ma\/wp-content\/uploads\/elementor\/thumbs\/image-7-r7es53waj08dyoemhp5gzvx8ct9143i14s4hccd6m0.png\" title=\"image\" alt=\"image\" loading=\"lazy\" \/><div class=\"cz_grid_details\"><i class=\"fa fa-search cz_grid_icon\"><\/i><h3>\u0645\u0634\u0631\u0648\u0639 \u0625\u0639\u0627\u062f\u0629 \u062a\u0623\u0647\u064a\u0644 \u0627\u0644\u0645\u0631\u0643\u0632 \u0627\u0644\u0635\u062d\u064a \u0628\u062c\u0647\u0629 \u0627\u0644\u0631\u0628\u0627\u0637 \u0633\u0644\u0627 \u0627\u0644\u0642\u0646\u064a\u0637\u0631\u0629<\/h3><\/div><\/a><\/div><\/div><div data-id=\"3290\" class=\"cz_grid_item  cz_posts_list_odd 3290 post-3290 portfolio type-portfolio status-publish format-standard has-post-thumbnail hentry portfolio_tags-145\"><div class=\"clr\"><a class=\"cz_grid_link cz_grid_zoom_in\" href=\"https:\/\/areprrsk.ma\/ar\/projects\/projet-de-renforcement-de-lapprovisionnement-en-eau-potable-a-ait-buyahya-el-hajijama-centre-ait-ikhlef\/\" title=\"\u062a\u0648\u0641\u064a\u0631 \u0645\u064a\u0627\u0647 \u0627\u0644\u0634\u0631\u0628 \u0644\u0644\u0645\u0631\u0627\u0643\u0632 \u0648\u0627\u0644\u062f\u0648\u0627\u0648\u064a\u0631 \u0641\u064a \u0645\u0646\u0637\u0642\u0629 \u0631\u0628\u0627\u0637 \u0633\u0644\u0627 \u0627\u0644\u0642\u0646\u064a\u0637\u0631\u0629 \u0628\u0645\u0631\u0643\u0632 \u0622\u064a\u062a \u064a\u062e\u0644\u0641 \u0641\u064a \u062c\u0645\u0627\u0639\u0629 \u0622\u064a\u062a\u0628\u0648\u064a\u0647 \u0627\u0644\u062d\u062c\u0627\u0645\u0629\" data-tilt data-tilt-maxGlare=\"\" data-tilt-glare=\"true\" data-tilt-scale=\"\"><img decoding=\"async\" src=\"data:image\/svg+xml,%3Csvg%20xmlns%3D&#39;http%3A%2F%2Fwww.w3.org%2F2000%2Fsvg&#39;%20width=&#39;_w_&#39;%20height=&#39;_h_&#39;%20viewBox%3D&#39;0%200%20_w_%20_h_&#39;%2F%3E\" data-czlz data-src=\"https:\/\/areprrsk.ma\/wp-content\/uploads\/elementor\/thumbs\/image_arep_ptojet16-1-r8ujvnelhnlp5xu9holuyt9eg8skxs6j3xiaa2mbp4.png\" title=\"image_arep_ptojet16-1.png\" alt=\"image_arep_ptojet16-1.png\" loading=\"lazy\" \/><div class=\"cz_grid_details\"><i class=\"fa fa-search cz_grid_icon\"><\/i><h3>\u062a\u0648\u0641\u064a\u0631 \u0645\u064a\u0627\u0647 \u0627\u0644\u0634\u0631\u0628 \u0644\u0644\u0645\u0631\u0627\u0643\u0632 \u0648\u0627\u0644\u062f\u0648\u0627\u0648\u064a\u0631 \u0641\u064a \u0645\u0646\u0637\u0642\u0629 \u0631\u0628\u0627\u0637 \u0633\u0644\u0627 \u0627\u0644\u0642\u0646\u064a\u0637\u0631\u0629 \u0628\u0645\u0631\u0643\u0632 \u0622\u064a\u062a \u064a\u062e\u0644\u0641 \u0641\u064a \u062c\u0645\u0627\u0639\u0629 \u0622\u064a\u062a\u0628\u0648\u064a\u0647 \u0627\u0644\u062d\u062c\u0627\u0645\u0629<\/h3><\/div><\/a><\/div><\/div><\/div><div class=\"cz_ajax_pagination clr cz_ajax_loadmore tac\"><a href=\"#\">Charger plus<\/a><\/div><\/div>\t\t\t\t<\/div>\n\t\t\t\t<\/div>\n\t\t\t\t<div class=\"elementor-element elementor-element-1796a02 elementor-widget elementor-widget-cz_title\" data-id=\"1796a02\" data-element_type=\"widget\" data-widget_type=\"cz_title.default\">\n\t\t\t\t<div class=\"elementor-widget-container\">\n\t\t\t\t\t\t\r\n\t\t<div>\r\n\t\t\t<div class=\"cz_title clr cz_title_pos_inline tac\"><div class=\"cz_title_shape shape_text cz_shape_1\">\u0627\u0644\u0645\u0634\u0627\u0631\u064a\u0639<\/div><div class=\"cz_title_content\"><div class=\"cz_wpe_content\"><h3 style=\"text-align: center;\"><span style=\"font-size: 36px;\">\u0627\u0644\u0648\u0643\u0627\u0644\u0629 \u0627\u0644\u062c\u0647\u0648\u064a\u0629 \u0644\u062a\u0646\u0641\u064a\u0630 \u0627\u0644\u0645\u0634\u0627\u0631\u064a\u0639 \u0644\u062c\u0647\u0629 \u0627\u0644\u0631\u0628\u0627\u0637 \u0633\u0644\u0627 \u0627\u0644\u0642\u0646\u064a\u0637\u0631\u0629<\/span><\/h3>\n<p style=\"text-align: center;\">\u00a0<\/p><\/div><\/div><\/div>\r\n\t\t<\/div>\r\n\t\t\r\n\t\t\t\t\t\t<\/div>\n\t\t\t\t<\/div>\n\t\t\t\t\t<\/div>\n\t\t\t\t<\/div>\n\t\t\t\t<\/div>\n\t\t","protected":false},"excerpt":{"rendered":"<p>Programme de cr\u00e9ation des \u00e9coles communautaires en milieu rural Programme de R\u00e9duction des Disparit\u00e9s Territoriales et Sociales (PRDTS) Cr\u00e9ation des &#8230; <a class=\"cz_readmore\" href=\"https:\/\/areprrsk.ma\/ar\/projects\/projet-de-renforcement-de-lapprovisionnement-en-eau-potable-a-ait-buyahya-el-hajijama-centre-ait-ikhlef\/\"><i class=\"fa fa-angle-right\" aria-hidden=\"true\"><\/i><span>Read More<\/span><\/a><\/p>\n","protected":false},"author":1,"featured_media":0,"parent":0,"menu_order":0,"comment_status":"closed","ping_status":"closed","template":"","meta":{"_acf_changed":false,"footnotes":""},"class_list":["post-2782","page","type-page","status-publish","hentry"],"acf":[],"_links":{"self":[{"href":"https:\/\/areprrsk.ma\/ar\/wp-json\/wp\/v2\/pages\/2782","targetHints":{"allow":["GET"]}}],"collection":[{"href":"https:\/\/areprrsk.ma\/ar\/wp-json\/wp\/v2\/pages"}],"about":[{"href":"https:\/\/areprrsk.ma\/ar\/wp-json\/wp\/v2\/types\/page"}],"author":[{"embeddable":true,"href":"https:\/\/areprrsk.ma\/ar\/wp-json\/wp\/v2\/users\/1"}],"replies":[{"embeddable":true,"href":"https:\/\/areprrsk.ma\/ar\/wp-json\/wp\/v2\/comments?post=2782"}],"version-history":[{"count":8,"href":"https:\/\/areprrsk.ma\/ar\/wp-json\/wp\/v2\/pages\/2782\/revisions"}],"predecessor-version":[{"id":5590,"href":"https:\/\/areprrsk.ma\/ar\/wp-json\/wp\/v2\/pages\/2782\/revisions\/5590"}],"wp:attachment":[{"href":"https:\/\/areprrsk.ma\/ar\/wp-json\/wp\/v2\/media?parent=2782"}],"curies":[{"name":"wp","href":"https:\/\/api.w.org\/{rel}","templated":true}]}}